{"id":13,"date":"2021-03-02T11:04:45","date_gmt":"2021-03-02T11:04:45","guid":{"rendered":"https:\/\/themes.muffingroup.com\/be\/cottage2_el\/?page_id=13"},"modified":"2025-04-14T10:20:04","modified_gmt":"2025-04-14T08:20:04","slug":"cottages","status":"publish","type":"page","link":"https:\/\/baumwunder.ch\/?page_id=13","title":{"rendered":"Projekte"},"content":{"rendered":"\t\t<div data-elementor-type=\"wp-page\" data-elementor-id=\"13\" class=\"elementor elementor-13\">\n\t\t\t\t\t\t<section class=\"elementor-section elementor-top-section elementor-element elementor-element-3a100d6 elementor-section-content-middle elementor-section-stretched elementor-section-boxed elementor-section-height-default elementor-section-height-default\" data-id=\"3a100d6\" data-element_type=\"section\" data-settings=\"{&quot;background_background&quot;:&quot;classic&quot;,&quot;stretch_section&quot;:&quot;section-stretched&quot;}\">\n\t\t\t\t\t\t<div class=\"elementor-container elementor-column-gap-no\">\n\t\t\t\t\t<div class=\"elementor-column elementor-col-50 elementor-top-column elementor-element elementor-element-3f219e1e\" data-id=\"3f219e1e\" data-element_type=\"column\">\n\t\t\t<div class=\"elementor-widget-wrap elementor-element-populated\">\n\t\t\t\t\t\t<div class=\"elementor-element elementor-element-608900ca elementor-widget elementor-widget-image\" data-id=\"608900ca\" data-element_type=\"widget\" data-widget_type=\"image.default\">\n\t\t\t\t<div class=\"elementor-widget-container\">\n\t\t\t\t\t\t\t\t\t\t\t\t\t\t\t<img fetchpriority=\"high\" decoding=\"async\" width=\"640\" height=\"960\" src=\"https:\/\/baumwunder.ch\/wp-content\/uploads\/2022\/11\/Baumwunder_Pflanzung_04.jpg\" class=\"elementor-animation-grow attachment-large size-large wp-image-867\" alt=\"\" srcset=\"https:\/\/baumwunder.ch\/wp-content\/uploads\/2022\/11\/Baumwunder_Pflanzung_04.jpg 640w, https:\/\/baumwunder.ch\/wp-content\/uploads\/2022\/11\/Baumwunder_Pflanzung_04-200x300.jpg 200w, https:\/\/baumwunder.ch\/wp-content\/uploads\/2022\/11\/Baumwunder_Pflanzung_04-97x146.jpg 97w, https:\/\/baumwunder.ch\/wp-content\/uploads\/2022\/11\/Baumwunder_Pflanzung_04-33x50.jpg 33w, https:\/\/baumwunder.ch\/wp-content\/uploads\/2022\/11\/Baumwunder_Pflanzung_04-50x75.jpg 50w\" sizes=\"(max-width:767px) 480px, 640px\" \/>\t\t\t\t\t\t\t\t\t\t\t\t\t\t\t<\/div>\n\t\t\t\t<\/div>\n\t\t\t\t\t<\/div>\n\t\t<\/div>\n\t\t\t\t<div class=\"elementor-column elementor-col-50 elementor-top-column elementor-element elementor-element-3f30ecb9\" data-id=\"3f30ecb9\" data-element_type=\"column\">\n\t\t\t<div class=\"elementor-widget-wrap elementor-element-populated\">\n\t\t\t\t\t\t<div class=\"elementor-element elementor-element-e482e6b elementor-widget elementor-widget-image\" data-id=\"e482e6b\" data-element_type=\"widget\" data-widget_type=\"image.default\">\n\t\t\t\t<div class=\"elementor-widget-container\">\n\t\t\t\t\t\t\t\t\t\t\t\t\t\t\t<img decoding=\"async\" width=\"960\" height=\"640\" src=\"https:\/\/baumwunder.ch\/wp-content\/uploads\/2022\/11\/Baumwunder_Pflanzung_02.jpg\" class=\"attachment-large size-large wp-image-865\" alt=\"\" srcset=\"https:\/\/baumwunder.ch\/wp-content\/uploads\/2022\/11\/Baumwunder_Pflanzung_02.jpg 960w, https:\/\/baumwunder.ch\/wp-content\/uploads\/2022\/11\/Baumwunder_Pflanzung_02-300x200.jpg 300w, https:\/\/baumwunder.ch\/wp-content\/uploads\/2022\/11\/Baumwunder_Pflanzung_02-768x512.jpg 768w, https:\/\/baumwunder.ch\/wp-content\/uploads\/2022\/11\/Baumwunder_Pflanzung_02-219x146.jpg 219w, https:\/\/baumwunder.ch\/wp-content\/uploads\/2022\/11\/Baumwunder_Pflanzung_02-50x33.jpg 50w, https:\/\/baumwunder.ch\/wp-content\/uploads\/2022\/11\/Baumwunder_Pflanzung_02-113x75.jpg 113w\" sizes=\"(max-width:767px) 480px, (max-width:960px) 100vw, 960px\" \/>\t\t\t\t\t\t\t\t\t\t\t\t\t\t\t<\/div>\n\t\t\t\t<\/div>\n\t\t\t\t<div class=\"elementor-element elementor-element-73b0c350 elementor-widget elementor-widget-image\" data-id=\"73b0c350\" data-element_type=\"widget\" data-widget_type=\"image.default\">\n\t\t\t\t<div class=\"elementor-widget-container\">\n\t\t\t\t\t\t\t\t\t\t\t\t\t\t\t<img decoding=\"async\" width=\"640\" height=\"960\" src=\"https:\/\/baumwunder.ch\/wp-content\/uploads\/2022\/11\/Baumwunder_Pflanzung_01.jpg\" class=\"elementor-animation-grow attachment-large size-large wp-image-864\" alt=\"\" srcset=\"https:\/\/baumwunder.ch\/wp-content\/uploads\/2022\/11\/Baumwunder_Pflanzung_01.jpg 640w, https:\/\/baumwunder.ch\/wp-content\/uploads\/2022\/11\/Baumwunder_Pflanzung_01-200x300.jpg 200w, https:\/\/baumwunder.ch\/wp-content\/uploads\/2022\/11\/Baumwunder_Pflanzung_01-97x146.jpg 97w, https:\/\/baumwunder.ch\/wp-content\/uploads\/2022\/11\/Baumwunder_Pflanzung_01-33x50.jpg 33w, https:\/\/baumwunder.ch\/wp-content\/uploads\/2022\/11\/Baumwunder_Pflanzung_01-50x75.jpg 50w\" sizes=\"(max-width:767px) 480px, 640px\" \/>\t\t\t\t\t\t\t\t\t\t\t\t\t\t\t<\/div>\n\t\t\t\t<\/div>\n\t\t\t\t\t<\/div>\n\t\t<\/div>\n\t\t\t\t\t<\/div>\n\t\t<\/section>\n\t\t\t\t<section class=\"elementor-section elementor-top-section elementor-element elementor-element-5bbae87c elementor-section-content-middle elementor-section-stretched elementor-section-boxed elementor-section-height-default elementor-section-height-default\" data-id=\"5bbae87c\" data-element_type=\"section\" data-settings=\"{&quot;stretch_section&quot;:&quot;section-stretched&quot;,&quot;background_background&quot;:&quot;classic&quot;}\">\n\t\t\t\t\t\t<div class=\"elementor-container elementor-column-gap-no\">\n\t\t\t\t\t<div class=\"elementor-column elementor-col-100 elementor-top-column elementor-element elementor-element-3a22db31\" data-id=\"3a22db31\" data-element_type=\"column\">\n\t\t\t<div class=\"elementor-widget-wrap elementor-element-populated\">\n\t\t\t\t\t\t<div class=\"elementor-element elementor-element-71782bc elementor-widget elementor-widget-heading\" data-id=\"71782bc\" data-element_type=\"widget\" data-widget_type=\"heading.default\">\n\t\t\t\t<div class=\"elementor-widget-container\">\n\t\t\t\t\t<h4 class=\"elementor-heading-title elementor-size-default\">Umgesetzte Pflanzungen<\/h4>\t\t\t\t<\/div>\n\t\t\t\t<\/div>\n\t\t\t\t<div class=\"elementor-element elementor-element-c18f09e elementor-widget elementor-widget-spacer\" data-id=\"c18f09e\" data-element_type=\"widget\" data-widget_type=\"spacer.default\">\n\t\t\t\t<div class=\"elementor-widget-container\">\n\t\t\t\t\t\t\t<div class=\"elementor-spacer\">\n\t\t\t<div class=\"elementor-spacer-inner\"><\/div>\n\t\t<\/div>\n\t\t\t\t\t\t<\/div>\n\t\t\t\t<\/div>\n\t\t\t\t<section class=\"elementor-section elementor-inner-section elementor-element elementor-element-4bbcf8e9 elementor-section-content-middle elementor-section-boxed elementor-section-height-default elementor-section-height-default\" data-id=\"4bbcf8e9\" data-element_type=\"section\">\n\t\t\t\t\t\t<div class=\"elementor-container elementor-column-gap-no\">\n\t\t\t\t\t<div class=\"elementor-column elementor-col-33 elementor-inner-column elementor-element elementor-element-2c423fbe\" data-id=\"2c423fbe\" data-element_type=\"column\">\n\t\t\t<div class=\"elementor-widget-wrap\">\n\t\t\t\t\t\t\t<\/div>\n\t\t<\/div>\n\t\t\t\t<div class=\"elementor-column elementor-col-33 elementor-inner-column elementor-element elementor-element-fe75955\" data-id=\"fe75955\" data-element_type=\"column\">\n\t\t\t<div class=\"elementor-widget-wrap elementor-element-populated\">\n\t\t\t\t\t\t<div class=\"elementor-element elementor-element-fcca8b3 elementor-widget elementor-widget-image\" data-id=\"fcca8b3\" data-element_type=\"widget\" data-widget_type=\"image.default\">\n\t\t\t\t<div class=\"elementor-widget-container\">\n\t\t\t\t\t\t\t\t\t\t\t\t\t\t\t<img loading=\"lazy\" decoding=\"async\" width=\"640\" height=\"960\" src=\"https:\/\/baumwunder.ch\/wp-content\/uploads\/2022\/11\/Baumwunder_Pflanzung_03.jpg\" class=\"attachment-large size-large wp-image-866\" alt=\"\" srcset=\"https:\/\/baumwunder.ch\/wp-content\/uploads\/2022\/11\/Baumwunder_Pflanzung_03.jpg 640w, https:\/\/baumwunder.ch\/wp-content\/uploads\/2022\/11\/Baumwunder_Pflanzung_03-200x300.jpg 200w, https:\/\/baumwunder.ch\/wp-content\/uploads\/2022\/11\/Baumwunder_Pflanzung_03-97x146.jpg 97w, https:\/\/baumwunder.ch\/wp-content\/uploads\/2022\/11\/Baumwunder_Pflanzung_03-33x50.jpg 33w, https:\/\/baumwunder.ch\/wp-content\/uploads\/2022\/11\/Baumwunder_Pflanzung_03-50x75.jpg 50w\" sizes=\"(max-width:767px) 480px, 640px\" \/>\t\t\t\t\t\t\t\t\t\t\t\t\t\t\t<\/div>\n\t\t\t\t<\/div>\n\t\t\t\t<div class=\"elementor-element elementor-element-671b953 elementor-widget elementor-widget-text-editor\" data-id=\"671b953\" data-element_type=\"widget\" data-widget_type=\"text-editor.default\">\n\t\t\t\t<div class=\"elementor-widget-container\">\n\t\t\t\t\t\t\t\t\t<p>Datum: 5. November 2022<br \/>Standort: Undere Chl\u00e4gge Boltshausen<br \/>Art: Sommerlinde<\/p>\t\t\t\t\t\t\t\t<\/div>\n\t\t\t\t<\/div>\n\t\t\t\t\t<\/div>\n\t\t<\/div>\n\t\t\t\t<div class=\"elementor-column elementor-col-33 elementor-inner-column elementor-element elementor-element-7c85f4f\" data-id=\"7c85f4f\" data-element_type=\"column\">\n\t\t\t<div class=\"elementor-widget-wrap\">\n\t\t\t\t\t\t\t<\/div>\n\t\t<\/div>\n\t\t\t\t\t<\/div>\n\t\t<\/section>\n\t\t\t\t\t<\/div>\n\t\t<\/div>\n\t\t\t\t\t<\/div>\n\t\t<\/section>\n\t\t\t\t<section class=\"elementor-section elementor-top-section elementor-element elementor-element-23a1fc72 elementor-section-stretched elementor-section-boxed elementor-section-height-default elementor-section-height-default\" data-id=\"23a1fc72\" data-element_type=\"section\" data-settings=\"{&quot;stretch_section&quot;:&quot;section-stretched&quot;,&quot;background_background&quot;:&quot;classic&quot;}\">\n\t\t\t\t\t\t<div class=\"elementor-container elementor-column-gap-wider\">\n\t\t\t\t\t<div class=\"elementor-column elementor-col-100 elementor-top-column elementor-element elementor-element-72f08c95\" data-id=\"72f08c95\" data-element_type=\"column\">\n\t\t\t<div class=\"elementor-widget-wrap elementor-element-populated\">\n\t\t\t\t\t\t<div class=\"elementor-element elementor-element-231cf6a0 elementor-widget elementor-widget-spacer\" data-id=\"231cf6a0\" data-element_type=\"widget\" data-widget_type=\"spacer.default\">\n\t\t\t\t<div class=\"elementor-widget-container\">\n\t\t\t\t\t\t\t<div class=\"elementor-spacer\">\n\t\t\t<div class=\"elementor-spacer-inner\"><\/div>\n\t\t<\/div>\n\t\t\t\t\t\t<\/div>\n\t\t\t\t<\/div>\n\t\t\t\t<section class=\"elementor-section elementor-inner-section elementor-element elementor-element-68841a56 elementor-section-boxed elementor-section-height-default elementor-section-height-default\" data-id=\"68841a56\" data-element_type=\"section\">\n\t\t\t\t\t\t<div class=\"elementor-container elementor-column-gap-no\">\n\t\t\t\t\t<div class=\"elementor-column elementor-col-50 elementor-inner-column elementor-element elementor-element-5b52ec1f\" data-id=\"5b52ec1f\" data-element_type=\"column\" data-settings=\"{&quot;background_background&quot;:&quot;classic&quot;}\">\n\t\t\t<div class=\"elementor-widget-wrap elementor-element-populated\">\n\t\t\t\t\t\t<div class=\"elementor-element elementor-element-43c214d8 elementor-widget elementor-widget-spacer\" data-id=\"43c214d8\" data-element_type=\"widget\" data-widget_type=\"spacer.default\">\n\t\t\t\t<div class=\"elementor-widget-container\">\n\t\t\t\t\t\t\t<div class=\"elementor-spacer\">\n\t\t\t<div class=\"elementor-spacer-inner\"><\/div>\n\t\t<\/div>\n\t\t\t\t\t\t<\/div>\n\t\t\t\t<\/div>\n\t\t\t\t<div class=\"elementor-element elementor-element-52ef0762 elementor-widget elementor-widget-text-editor\" data-id=\"52ef0762\" data-element_type=\"widget\" data-widget_type=\"text-editor.default\">\n\t\t\t\t<div class=\"elementor-widget-container\">\n\t\t\t\t\t\t\t\t\t<h6><span style=\"color: #6f6554;\">MANUEL STRUPLER<br \/>Gr\u00fcnderpr\u00e4sident<\/span><\/h6><h4>Jemand sitzt heute im Schatten, weil jemand vor langer Zeit einen Baum gepflanzt hat.<\/h4><h6>W. Buffett<\/h6>\t\t\t\t\t\t\t\t<\/div>\n\t\t\t\t<\/div>\n\t\t\t\t<div class=\"elementor-element elementor-element-769e0551 elementor-widget elementor-widget-spacer\" data-id=\"769e0551\" data-element_type=\"widget\" data-widget_type=\"spacer.default\">\n\t\t\t\t<div class=\"elementor-widget-container\">\n\t\t\t\t\t\t\t<div class=\"elementor-spacer\">\n\t\t\t<div class=\"elementor-spacer-inner\"><\/div>\n\t\t<\/div>\n\t\t\t\t\t\t<\/div>\n\t\t\t\t<\/div>\n\t\t\t\t\t<\/div>\n\t\t<\/div>\n\t\t\t\t<div class=\"elementor-column elementor-col-50 elementor-inner-column elementor-element elementor-element-6eeb228b\" data-id=\"6eeb228b\" data-element_type=\"column\">\n\t\t\t<div class=\"elementor-widget-wrap elementor-element-populated\">\n\t\t\t\t\t\t<div class=\"elementor-element elementor-element-12a20c07 elementor-widget elementor-widget-spacer\" data-id=\"12a20c07\" data-element_type=\"widget\" data-widget_type=\"spacer.default\">\n\t\t\t\t<div class=\"elementor-widget-container\">\n\t\t\t\t\t\t\t<div class=\"elementor-spacer\">\n\t\t\t<div class=\"elementor-spacer-inner\"><\/div>\n\t\t<\/div>\n\t\t\t\t\t\t<\/div>\n\t\t\t\t<\/div>\n\t\t\t\t\t<\/div>\n\t\t<\/div>\n\t\t\t\t\t<\/div>\n\t\t<\/section>\n\t\t\t\t<div class=\"elementor-element elementor-element-341b783 elementor-widget elementor-widget-spacer\" data-id=\"341b783\" data-element_type=\"widget\" data-widget_type=\"spacer.default\">\n\t\t\t\t<div class=\"elementor-widget-container\">\n\t\t\t\t\t\t\t<div class=\"elementor-spacer\">\n\t\t\t<div class=\"elementor-spacer-inner\"><\/div>\n\t\t<\/div>\n\t\t\t\t\t\t<\/div>\n\t\t\t\t<\/div>\n\t\t\t\t\t<\/div>\n\t\t<\/div>\n\t\t\t\t\t<\/div>\n\t\t<\/section>\n\t\t\t\t<\/div>\n\t\t","protected":false},"excerpt":{"rendered":"<p>Umgesetzte Pflanzungen Datum: 5. November 2022Standort: Undere Chl\u00e4gge BoltshausenArt: Sommerlinde MANUEL STRUPLERGr\u00fcnderpr\u00e4sident Jemand sitzt heute im Schatten, weil jemand vor langer Zeit einen Baum gepflanzt hat.<span class=\"excerpt-hellip\"> [\u2026]<\/span><\/p>\n","protected":false},"author":2,"featured_media":0,"parent":0,"menu_order":0,"comment_status":"closed","ping_status":"closed","template":"","meta":{"footnotes":""},"class_list":["post-13","page","type-page","status-publish","hentry"],"_links":{"self":[{"href":"https:\/\/baumwunder.ch\/index.php?rest_route=\/wp\/v2\/pages\/13","targetHints":{"allow":["GET"]}}],"collection":[{"href":"https:\/\/baumwunder.ch\/index.php?rest_route=\/wp\/v2\/pages"}],"about":[{"href":"https:\/\/baumwunder.ch\/index.php?rest_route=\/wp\/v2\/types\/page"}],"author":[{"embeddable":true,"href":"https:\/\/baumwunder.ch\/index.php?rest_route=\/wp\/v2\/users\/2"}],"replies":[{"embeddable":true,"href":"https:\/\/baumwunder.ch\/index.php?rest_route=%2Fwp%2Fv2%2Fcomments&post=13"}],"version-history":[{"count":65,"href":"https:\/\/baumwunder.ch\/index.php?rest_route=\/wp\/v2\/pages\/13\/revisions"}],"predecessor-version":[{"id":1549,"href":"https:\/\/baumwunder.ch\/index.php?rest_route=\/wp\/v2\/pages\/13\/revisions\/1549"}],"wp:attachment":[{"href":"https:\/\/baumwunder.ch\/index.php?rest_route=%2Fwp%2Fv2%2Fmedia&parent=13"}],"curies":[{"name":"wp","href":"https:\/\/api.w.org\/{rel}","templated":true}]}}