{"id":11,"date":"2021-03-02T11:04:34","date_gmt":"2021-03-02T11:04:34","guid":{"rendered":"https:\/\/themes.muffingroup.com\/be\/cottage2_el\/?page_id=11"},"modified":"2025-04-14T09:01:31","modified_gmt":"2025-04-14T07:01:31","slug":"home","status":"publish","type":"page","link":"https:\/\/baumwunder.ch\/","title":{"rendered":"Home"},"content":{"rendered":"\t\t<div data-elementor-type=\"wp-page\" data-elementor-id=\"11\" class=\"elementor elementor-11\">\n\t\t\t\t\t\t<section class=\"elementor-section elementor-top-section elementor-element elementor-element-2cc7da5 elementor-section-full_width elementor-section-stretched elementor-section-height-default elementor-section-height-default\" data-id=\"2cc7da5\" data-element_type=\"section\" data-settings=\"{&quot;stretch_section&quot;:&quot;section-stretched&quot;,&quot;background_background&quot;:&quot;classic&quot;}\">\n\t\t\t\t\t\t<div class=\"elementor-container elementor-column-gap-wider\">\n\t\t\t\t\t<div class=\"elementor-column elementor-col-100 elementor-top-column elementor-element elementor-element-1ec07d7c\" data-id=\"1ec07d7c\" data-element_type=\"column\">\n\t\t\t<div class=\"elementor-widget-wrap elementor-element-populated\">\n\t\t\t\t\t\t<section class=\"elementor-section elementor-inner-section elementor-element elementor-element-18605460 elementor-section-boxed elementor-section-height-default elementor-section-height-default\" data-id=\"18605460\" data-element_type=\"section\">\n\t\t\t\t\t\t<div class=\"elementor-container elementor-column-gap-default\">\n\t\t\t\t\t<div class=\"elementor-column elementor-col-100 elementor-inner-column elementor-element elementor-element-503c1fab\" data-id=\"503c1fab\" data-element_type=\"column\">\n\t\t\t<div class=\"elementor-widget-wrap elementor-element-populated\">\n\t\t\t\t\t\t<div class=\"elementor-element elementor-element-ba21578 elementor-widget elementor-widget-heading\" data-id=\"ba21578\" data-element_type=\"widget\" data-widget_type=\"heading.default\">\n\t\t\t\t<div class=\"elementor-widget-container\">\n\t\t\t\t\t<h2 class=\"elementor-heading-title elementor-size-default\">Unsere Vision<\/h2>\t\t\t\t<\/div>\n\t\t\t\t<\/div>\n\t\t\t\t<div class=\"elementor-element elementor-element-688a9e42 elementor-widget elementor-widget-text-editor\" data-id=\"688a9e42\" data-element_type=\"widget\" data-widget_type=\"text-editor.default\">\n\t\t\t\t<div class=\"elementor-widget-container\">\n\t\t\t\t\t\t\t\t\t<p>Stattliche, imposante B\u00e4ume haben eine grosse Bedeutung in der Thurgauer Kulturlandschaft. Solche B\u00e4ume sind Sympathietr\u00e4ger und haben auf uns Menschen eine positive Wirkung. Die einen finden sie einfach \u00absch\u00f6n\u00bb, andere versp\u00fcren in der N\u00e4he der B\u00e4ume Kr\u00e4fte oder geniessen den Schatten \u2013 und zudem finden viele Tiere und andere Organismen einen Platz zum Leben.<\/p><p>Kurz: B\u00e4ume haben in verschiedenster Weise eine positive Wirkung.<\/p><p>Die Freude an sch\u00f6nen B\u00e4umen in der Thurgauer Landschaft treibt uns an. Damit auch die n\u00e4chsten Generationen dieses Bild noch geniessen k\u00f6nnen, bringen wir Personen zusammen, welche B\u00e4ume pflanzen m\u00f6chten mit solchen, die \u00fcber passende Standorte verf\u00fcgen, um B\u00e4umen gemeinsam einen optimalen Start in ein langes Baumleben zu erm\u00f6glichen.<\/p>\t\t\t\t\t\t\t\t<\/div>\n\t\t\t\t<\/div>\n\t\t\t\t\t<\/div>\n\t\t<\/div>\n\t\t\t\t\t<\/div>\n\t\t<\/section>\n\t\t\t\t\t<\/div>\n\t\t<\/div>\n\t\t\t\t\t<\/div>\n\t\t<\/section>\n\t\t\t\t<section class=\"elementor-section elementor-top-section elementor-element elementor-element-35542a0 elementor-section-stretched elementor-section-boxed elementor-section-height-default elementor-section-height-default\" data-id=\"35542a0\" data-element_type=\"section\" data-settings=\"{&quot;stretch_section&quot;:&quot;section-stretched&quot;,&quot;background_background&quot;:&quot;classic&quot;}\">\n\t\t\t\t\t\t<div class=\"elementor-container elementor-column-gap-wider\">\n\t\t\t\t\t<div class=\"elementor-column elementor-col-100 elementor-top-column elementor-element elementor-element-4ce1835\" data-id=\"4ce1835\" data-element_type=\"column\">\n\t\t\t<div class=\"elementor-widget-wrap elementor-element-populated\">\n\t\t\t\t\t\t<section class=\"elementor-section elementor-inner-section elementor-element elementor-element-1093cd1 elementor-section-boxed elementor-section-height-default elementor-section-height-default\" data-id=\"1093cd1\" data-element_type=\"section\">\n\t\t\t\t\t\t<div class=\"elementor-container elementor-column-gap-default\">\n\t\t\t\t\t<div class=\"elementor-column elementor-col-33 elementor-inner-column elementor-element elementor-element-5522f9f\" data-id=\"5522f9f\" data-element_type=\"column\">\n\t\t\t<div class=\"elementor-widget-wrap elementor-element-populated\">\n\t\t\t\t\t\t<div class=\"elementor-element elementor-element-cc0eaf2 elementor-widget elementor-widget-spacer\" data-id=\"cc0eaf2\" data-element_type=\"widget\" data-widget_type=\"spacer.default\">\n\t\t\t\t<div class=\"elementor-widget-container\">\n\t\t\t\t\t\t\t<div class=\"elementor-spacer\">\n\t\t\t<div class=\"elementor-spacer-inner\"><\/div>\n\t\t<\/div>\n\t\t\t\t\t\t<\/div>\n\t\t\t\t<\/div>\n\t\t\t\t<div class=\"elementor-element elementor-element-5b277d3 elementor-widget elementor-widget-image\" data-id=\"5b277d3\" data-element_type=\"widget\" data-widget_type=\"image.default\">\n\t\t\t\t<div class=\"elementor-widget-container\">\n\t\t\t\t\t\t\t\t\t\t\t\t\t\t\t<img fetchpriority=\"high\" decoding=\"async\" width=\"640\" height=\"960\" src=\"https:\/\/baumwunder.ch\/wp-content\/uploads\/2022\/10\/Baumwunder_Content_hoch_Herbst.jpg\" class=\"attachment-full size-full wp-image-569\" alt=\"\" srcset=\"https:\/\/baumwunder.ch\/wp-content\/uploads\/2022\/10\/Baumwunder_Content_hoch_Herbst.jpg 640w, https:\/\/baumwunder.ch\/wp-content\/uploads\/2022\/10\/Baumwunder_Content_hoch_Herbst-200x300.jpg 200w, https:\/\/baumwunder.ch\/wp-content\/uploads\/2022\/10\/Baumwunder_Content_hoch_Herbst-97x146.jpg 97w, https:\/\/baumwunder.ch\/wp-content\/uploads\/2022\/10\/Baumwunder_Content_hoch_Herbst-33x50.jpg 33w, https:\/\/baumwunder.ch\/wp-content\/uploads\/2022\/10\/Baumwunder_Content_hoch_Herbst-50x75.jpg 50w\" sizes=\"(max-width:767px) 480px, 640px\" \/>\t\t\t\t\t\t\t\t\t\t\t\t\t\t\t<\/div>\n\t\t\t\t<\/div>\n\t\t\t\t\t<\/div>\n\t\t<\/div>\n\t\t\t\t<div class=\"elementor-column elementor-col-66 elementor-inner-column elementor-element elementor-element-b211409\" data-id=\"b211409\" data-element_type=\"column\">\n\t\t\t<div class=\"elementor-widget-wrap elementor-element-populated\">\n\t\t\t\t\t\t<div class=\"elementor-element elementor-element-7c55014 elementor-widget elementor-widget-spacer\" data-id=\"7c55014\" data-element_type=\"widget\" data-widget_type=\"spacer.default\">\n\t\t\t\t<div class=\"elementor-widget-container\">\n\t\t\t\t\t\t\t<div class=\"elementor-spacer\">\n\t\t\t<div class=\"elementor-spacer-inner\"><\/div>\n\t\t<\/div>\n\t\t\t\t\t\t<\/div>\n\t\t\t\t<\/div>\n\t\t\t\t<div class=\"elementor-element elementor-element-75029e3 elementor-widget elementor-widget-heading\" data-id=\"75029e3\" data-element_type=\"widget\" data-widget_type=\"heading.default\">\n\t\t\t\t<div class=\"elementor-widget-container\">\n\t\t\t\t\t<h2 class=\"elementor-heading-title elementor-size-default\">Hintergrund<\/h2>\t\t\t\t<\/div>\n\t\t\t\t<\/div>\n\t\t\t\t<div class=\"elementor-element elementor-element-d449834 elementor-widget elementor-widget-text-editor\" data-id=\"d449834\" data-element_type=\"widget\" data-widget_type=\"text-editor.default\">\n\t\t\t\t<div class=\"elementor-widget-container\">\n\t\t\t\t\t\t\t\t\t<p>Die Thurgauer Landschaft und ihre Geschichte ist seit jeher gepr\u00e4gt von B\u00e4umen. Die Ausdr\u00fccke \u00abMostindien\u00bb und \u00abObstkanton\u00bb sind allen bekannt. Doch die Landschaft ver\u00e4ndert sich, denn Kulturlandschaften haben sich schon immer aufgrund der T\u00e4tigkeit der Bev\u00f6lkerung ver\u00e4ndert und sind ein Abbild der wirtschaftlichen und gesellschaftlichen Aktivit\u00e4t. Landschaften sind somit nicht statisch und der Schutz von grossen Teilen einer Landschaft in musealer Art ist kaum sinnvoll. Doch die Ver\u00e4nderungen sind enorm und geschehen meist unbemerkt, da sie sich \u00fcber Jahre hinziehen und wir uns relativ rasch an Neues gew\u00f6hnen. Unser Augenmerk gilt aber nicht den Obstanlagen, sondern einzeln stehenden B\u00e4umen wie Linden, Eichen, Nussb\u00e4umen usw.<\/p><p>Zu bedenken ist, dass jeder grosse Baum zu Beginn seines Lebens ein \u00abWinzling\u00bb war. Markante B\u00e4ume sind selten ein Zufallsprodukt, sondern sie wurden meist an ausgew\u00e4hlten Orten von Einzelpersonen oder ganzen Familien gepflanzt und in den Jugendjahren gepflegt. Dies hatte oft auch kulturelle oder gesellschaftliche Hintergr\u00fcnde (Hofb\u00e4ume, Dorfb\u00e4ume, Gerichtsb\u00e4ume, B\u00e4ume zur Geburt von Kindern usw.).<\/p><p><strong>Der Schl\u00fcssel zum Erhalt von markanten B\u00e4umen liegt also in der Pflanzung von jungen B\u00e4umen!<\/strong><\/p><p><strong>\u00a0<\/strong><\/p>\t\t\t\t\t\t\t\t<\/div>\n\t\t\t\t<\/div>\n\t\t\t\t<div class=\"elementor-element elementor-element-9e79286 elementor-widget elementor-widget-spacer\" data-id=\"9e79286\" data-element_type=\"widget\" data-widget_type=\"spacer.default\">\n\t\t\t\t<div class=\"elementor-widget-container\">\n\t\t\t\t\t\t\t<div class=\"elementor-spacer\">\n\t\t\t<div class=\"elementor-spacer-inner\"><\/div>\n\t\t<\/div>\n\t\t\t\t\t\t<\/div>\n\t\t\t\t<\/div>\n\t\t\t\t\t<\/div>\n\t\t<\/div>\n\t\t\t\t\t<\/div>\n\t\t<\/section>\n\t\t\t\t\t<\/div>\n\t\t<\/div>\n\t\t\t\t\t<\/div>\n\t\t<\/section>\n\t\t\t\t<section class=\"elementor-section elementor-top-section elementor-element elementor-element-7863b892 elementor-section-stretched elementor-section-boxed elementor-section-height-default elementor-section-height-default\" data-id=\"7863b892\" data-element_type=\"section\" data-settings=\"{&quot;stretch_section&quot;:&quot;section-stretched&quot;,&quot;background_background&quot;:&quot;classic&quot;}\">\n\t\t\t\t\t\t<div class=\"elementor-container elementor-column-gap-wider\">\n\t\t\t\t\t<div class=\"elementor-column elementor-col-100 elementor-top-column elementor-element elementor-element-19d41497\" data-id=\"19d41497\" data-element_type=\"column\">\n\t\t\t<div class=\"elementor-widget-wrap elementor-element-populated\">\n\t\t\t\t\t\t<div class=\"elementor-element elementor-element-9a9b0a5 elementor-widget__width-inherit elementor-widget elementor-widget-image\" data-id=\"9a9b0a5\" data-element_type=\"widget\" data-widget_type=\"image.default\">\n\t\t\t\t<div class=\"elementor-widget-container\">\n\t\t\t\t\t\t\t\t\t\t\t\t\t\t\t<img decoding=\"async\" width=\"960\" height=\"640\" src=\"https:\/\/baumwunder.ch\/wp-content\/uploads\/2022\/11\/Baumwunder_Content_quer_Tulpenbaum.jpg\" class=\"attachment-large size-large wp-image-834\" alt=\"\" srcset=\"https:\/\/baumwunder.ch\/wp-content\/uploads\/2022\/11\/Baumwunder_Content_quer_Tulpenbaum.jpg 960w, https:\/\/baumwunder.ch\/wp-content\/uploads\/2022\/11\/Baumwunder_Content_quer_Tulpenbaum-300x200.jpg 300w, https:\/\/baumwunder.ch\/wp-content\/uploads\/2022\/11\/Baumwunder_Content_quer_Tulpenbaum-768x512.jpg 768w, https:\/\/baumwunder.ch\/wp-content\/uploads\/2022\/11\/Baumwunder_Content_quer_Tulpenbaum-219x146.jpg 219w, https:\/\/baumwunder.ch\/wp-content\/uploads\/2022\/11\/Baumwunder_Content_quer_Tulpenbaum-50x33.jpg 50w, https:\/\/baumwunder.ch\/wp-content\/uploads\/2022\/11\/Baumwunder_Content_quer_Tulpenbaum-113x75.jpg 113w\" sizes=\"(max-width:767px) 480px, (max-width:960px) 100vw, 960px\" \/>\t\t\t\t\t\t\t\t\t\t\t\t\t\t\t<\/div>\n\t\t\t\t<\/div>\n\t\t\t\t<section class=\"elementor-section elementor-inner-section elementor-element elementor-element-50f437fd elementor-section-boxed elementor-section-height-default elementor-section-height-default\" data-id=\"50f437fd\" data-element_type=\"section\">\n\t\t\t\t\t\t<div class=\"elementor-container elementor-column-gap-default\">\n\t\t\t\t\t<div class=\"elementor-column elementor-col-50 elementor-inner-column elementor-element elementor-element-778f081e\" data-id=\"778f081e\" data-element_type=\"column\">\n\t\t\t<div class=\"elementor-widget-wrap elementor-element-populated\">\n\t\t\t\t\t\t<div class=\"elementor-element elementor-element-20e0dbd elementor-widget elementor-widget-spacer\" data-id=\"20e0dbd\" data-element_type=\"widget\" data-widget_type=\"spacer.default\">\n\t\t\t\t<div class=\"elementor-widget-container\">\n\t\t\t\t\t\t\t<div class=\"elementor-spacer\">\n\t\t\t<div class=\"elementor-spacer-inner\"><\/div>\n\t\t<\/div>\n\t\t\t\t\t\t<\/div>\n\t\t\t\t<\/div>\n\t\t\t\t<div class=\"elementor-element elementor-element-80d592f elementor-widget elementor-widget-heading\" data-id=\"80d592f\" data-element_type=\"widget\" data-widget_type=\"heading.default\">\n\t\t\t\t<div class=\"elementor-widget-container\">\n\t\t\t\t\t<h2 class=\"elementor-heading-title elementor-size-default\">Umsetzung<\/h2>\t\t\t\t<\/div>\n\t\t\t\t<\/div>\n\t\t\t\t<div class=\"elementor-element elementor-element-62d57488 elementor-widget elementor-widget-text-editor\" data-id=\"62d57488\" data-element_type=\"widget\" data-widget_type=\"text-editor.default\">\n\t\t\t\t<div class=\"elementor-widget-container\">\n\t\t\t\t\t\t\t\t\t<p>Die Baumbeschaffung, Standortsuche und Pflanzung sowie die Pflege in den ersten 10 Jahren werden durch den Verein organisiert und mit lokalen Partnern durchgef\u00fchrt. Dadurch kann eine hohe Qualit\u00e4t garantiert werden.<\/p>\t\t\t\t\t\t\t\t<\/div>\n\t\t\t\t<\/div>\n\t\t\t\t<div class=\"elementor-element elementor-element-05583de elementor-align-left elementor-widget elementor-widget-button\" data-id=\"05583de\" data-element_type=\"widget\" data-widget_type=\"button.default\">\n\t\t\t\t<div class=\"elementor-widget-container\">\n\t\t\t\t\t\t\t\t\t<div class=\"elementor-button-wrapper\">\n\t\t\t\t\t<a class=\"elementor-button elementor-button-link elementor-size-sm\" href=\"https:\/\/baumwunder.ch\/?page_id=17\">\n\t\t\t\t\t\t<span class=\"elementor-button-content-wrapper\">\n\t\t\t\t\t\t\t\t\t<span class=\"elementor-button-text\">Jetzt Mitmachen<\/span>\n\t\t\t\t\t<\/span>\n\t\t\t\t\t<\/a>\n\t\t\t\t<\/div>\n\t\t\t\t\t\t\t\t<\/div>\n\t\t\t\t<\/div>\n\t\t\t\t\t<\/div>\n\t\t<\/div>\n\t\t\t\t<div class=\"elementor-column elementor-col-50 elementor-inner-column elementor-element elementor-element-14cc5aca\" data-id=\"14cc5aca\" data-element_type=\"column\">\n\t\t\t<div class=\"elementor-widget-wrap elementor-element-populated\">\n\t\t\t\t\t\t<div class=\"elementor-element elementor-element-6246b49 elementor-absolute elementor-widget elementor-widget-image\" data-id=\"6246b49\" data-element_type=\"widget\" data-settings=\"{&quot;_position&quot;:&quot;absolute&quot;}\" data-widget_type=\"image.default\">\n\t\t\t\t<div class=\"elementor-widget-container\">\n\t\t\t\t\t\t\t\t\t\t\t\t\t\t\t<img decoding=\"async\" width=\"640\" height=\"960\" src=\"https:\/\/baumwunder.ch\/wp-content\/uploads\/2022\/10\/Baumwunder_Content_hoch_Bluest.jpg\" class=\"attachment-full size-full wp-image-568\" alt=\"\" srcset=\"https:\/\/baumwunder.ch\/wp-content\/uploads\/2022\/10\/Baumwunder_Content_hoch_Bluest.jpg 640w, https:\/\/baumwunder.ch\/wp-content\/uploads\/2022\/10\/Baumwunder_Content_hoch_Bluest-200x300.jpg 200w, https:\/\/baumwunder.ch\/wp-content\/uploads\/2022\/10\/Baumwunder_Content_hoch_Bluest-97x146.jpg 97w, https:\/\/baumwunder.ch\/wp-content\/uploads\/2022\/10\/Baumwunder_Content_hoch_Bluest-33x50.jpg 33w, https:\/\/baumwunder.ch\/wp-content\/uploads\/2022\/10\/Baumwunder_Content_hoch_Bluest-50x75.jpg 50w\" sizes=\"(max-width:767px) 480px, 640px\" \/>\t\t\t\t\t\t\t\t\t\t\t\t\t\t\t<\/div>\n\t\t\t\t<\/div>\n\t\t\t\t<div class=\"elementor-element elementor-element-bce644e elementor-widget elementor-widget-spacer\" data-id=\"bce644e\" data-element_type=\"widget\" data-widget_type=\"spacer.default\">\n\t\t\t\t<div class=\"elementor-widget-container\">\n\t\t\t\t\t\t\t<div class=\"elementor-spacer\">\n\t\t\t<div class=\"elementor-spacer-inner\"><\/div>\n\t\t<\/div>\n\t\t\t\t\t\t<\/div>\n\t\t\t\t<\/div>\n\t\t\t\t\t<\/div>\n\t\t<\/div>\n\t\t\t\t\t<\/div>\n\t\t<\/section>\n\t\t\t\t\t<\/div>\n\t\t<\/div>\n\t\t\t\t\t<\/div>\n\t\t<\/section>\n\t\t\t\t<section class=\"elementor-section elementor-top-section elementor-element elementor-element-6369afb6 elementor-section-stretched elementor-section-boxed elementor-section-height-default elementor-section-height-default\" data-id=\"6369afb6\" data-element_type=\"section\" data-settings=\"{&quot;stretch_section&quot;:&quot;section-stretched&quot;,&quot;background_background&quot;:&quot;classic&quot;}\">\n\t\t\t\t\t\t<div class=\"elementor-container elementor-column-gap-wider\">\n\t\t\t\t\t<div class=\"elementor-column elementor-col-100 elementor-top-column elementor-element elementor-element-3ca7fbe7\" data-id=\"3ca7fbe7\" data-element_type=\"column\">\n\t\t\t<div class=\"elementor-widget-wrap elementor-element-populated\">\n\t\t\t\t\t\t<div class=\"elementor-element elementor-element-3194176 elementor-widget elementor-widget-spacer\" data-id=\"3194176\" data-element_type=\"widget\" data-widget_type=\"spacer.default\">\n\t\t\t\t<div class=\"elementor-widget-container\">\n\t\t\t\t\t\t\t<div class=\"elementor-spacer\">\n\t\t\t<div class=\"elementor-spacer-inner\"><\/div>\n\t\t<\/div>\n\t\t\t\t\t\t<\/div>\n\t\t\t\t<\/div>\n\t\t\t\t<section class=\"elementor-section elementor-inner-section elementor-element elementor-element-673e5a20 elementor-section-boxed elementor-section-height-default elementor-section-height-default\" data-id=\"673e5a20\" data-element_type=\"section\">\n\t\t\t\t\t\t<div class=\"elementor-container elementor-column-gap-no\">\n\t\t\t\t\t<div class=\"elementor-column elementor-col-50 elementor-inner-column elementor-element elementor-element-26fdb5f7\" data-id=\"26fdb5f7\" data-element_type=\"column\" data-settings=\"{&quot;background_background&quot;:&quot;classic&quot;}\">\n\t\t\t<div class=\"elementor-widget-wrap elementor-element-populated\">\n\t\t\t\t\t\t<div class=\"elementor-element elementor-element-35ee429e elementor-widget elementor-widget-spacer\" data-id=\"35ee429e\" data-element_type=\"widget\" data-widget_type=\"spacer.default\">\n\t\t\t\t<div class=\"elementor-widget-container\">\n\t\t\t\t\t\t\t<div class=\"elementor-spacer\">\n\t\t\t<div class=\"elementor-spacer-inner\"><\/div>\n\t\t<\/div>\n\t\t\t\t\t\t<\/div>\n\t\t\t\t<\/div>\n\t\t\t\t<div class=\"elementor-element elementor-element-2c34f6a0 elementor-widget elementor-widget-text-editor\" data-id=\"2c34f6a0\" data-element_type=\"widget\" data-widget_type=\"text-editor.default\">\n\t\t\t\t<div class=\"elementor-widget-container\">\n\t\t\t\t\t\t\t\t\t<h6><span style=\"color: #6f6554;\">PETER SCHWEIZER<br \/>Beisitzer &amp; Gesch\u00e4ftsf\u00fchrer<\/span><\/h6><h4>Die Thurgauer Landschaft mit all den B\u00e4umen liegt mir am Herzen \u2013 eine traumhafte Kulturlandschaft, welcher wir Sorge tragen m\u00fcssen.<\/h4>\t\t\t\t\t\t\t\t<\/div>\n\t\t\t\t<\/div>\n\t\t\t\t<div class=\"elementor-element elementor-element-1988936d elementor-widget elementor-widget-spacer\" data-id=\"1988936d\" data-element_type=\"widget\" data-widget_type=\"spacer.default\">\n\t\t\t\t<div class=\"elementor-widget-container\">\n\t\t\t\t\t\t\t<div class=\"elementor-spacer\">\n\t\t\t<div class=\"elementor-spacer-inner\"><\/div>\n\t\t<\/div>\n\t\t\t\t\t\t<\/div>\n\t\t\t\t<\/div>\n\t\t\t\t\t<\/div>\n\t\t<\/div>\n\t\t\t\t<div class=\"elementor-column elementor-col-50 elementor-inner-column elementor-element elementor-element-6ba53a3f\" data-id=\"6ba53a3f\" data-element_type=\"column\">\n\t\t\t<div class=\"elementor-widget-wrap elementor-element-populated\">\n\t\t\t\t\t\t<div class=\"elementor-element elementor-element-591d4af9 elementor-widget elementor-widget-spacer\" data-id=\"591d4af9\" data-element_type=\"widget\" data-widget_type=\"spacer.default\">\n\t\t\t\t<div class=\"elementor-widget-container\">\n\t\t\t\t\t\t\t<div class=\"elementor-spacer\">\n\t\t\t<div class=\"elementor-spacer-inner\"><\/div>\n\t\t<\/div>\n\t\t\t\t\t\t<\/div>\n\t\t\t\t<\/div>\n\t\t\t\t\t<\/div>\n\t\t<\/div>\n\t\t\t\t\t<\/div>\n\t\t<\/section>\n\t\t\t\t\t<\/div>\n\t\t<\/div>\n\t\t\t\t\t<\/div>\n\t\t<\/section>\n\t\t\t\t<\/div>\n\t\t","protected":false},"excerpt":{"rendered":"<p>Unsere Vision Stattliche, imposante B\u00e4ume haben eine grosse Bedeutung in der Thurgauer Kulturlandschaft. Solche B\u00e4ume sind Sympathietr\u00e4ger und haben auf uns Menschen eine positive Wirkung. Die<span class=\"excerpt-hellip\"> [\u2026]<\/span><\/p>\n","protected":false},"author":2,"featured_media":0,"parent":0,"menu_order":0,"comment_status":"closed","ping_status":"closed","template":"","meta":{"footnotes":""},"class_list":["post-11","page","type-page","status-publish","hentry"],"_links":{"self":[{"href":"https:\/\/baumwunder.ch\/index.php?rest_route=\/wp\/v2\/pages\/11","targetHints":{"allow":["GET"]}}],"collection":[{"href":"https:\/\/baumwunder.ch\/index.php?rest_route=\/wp\/v2\/pages"}],"about":[{"href":"https:\/\/baumwunder.ch\/index.php?rest_route=\/wp\/v2\/types\/page"}],"author":[{"embeddable":true,"href":"https:\/\/baumwunder.ch\/index.php?rest_route=\/wp\/v2\/users\/2"}],"replies":[{"embeddable":true,"href":"https:\/\/baumwunder.ch\/index.php?rest_route=%2Fwp%2Fv2%2Fcomments&post=11"}],"version-history":[{"count":131,"href":"https:\/\/baumwunder.ch\/index.php?rest_route=\/wp\/v2\/pages\/11\/revisions"}],"predecessor-version":[{"id":1555,"href":"https:\/\/baumwunder.ch\/index.php?rest_route=\/wp\/v2\/pages\/11\/revisions\/1555"}],"wp:attachment":[{"href":"https:\/\/baumwunder.ch\/index.php?rest_route=%2Fwp%2Fv2%2Fmedia&parent=11"}],"curies":[{"name":"wp","href":"https:\/\/api.w.org\/{rel}","templated":true}]}}